{"id":3163,"date":"2024-07-29T16:46:27","date_gmt":"2024-07-29T14:46:27","guid":{"rendered":"https:\/\/latelier-mouche.fr\/?post_type=product&#038;p=3163"},"modified":"2024-07-29T16:59:00","modified_gmt":"2024-07-29T14:59:00","slug":"serie-t54","status":"publish","type":"product","link":"https:\/\/latelier-mouche.fr\/?product=serie-t54","title":{"rendered":"S\u00e9rie T54"},"content":{"rendered":"","protected":false},"excerpt":{"rendered":"<p>&nbsp;<\/p>\n<p class=\"p1\">Sobri\u00e9t\u00e9, \u00e9l\u00e9gance et pr\u00e9cision, trois grands mots pour d\u00e9finir\u00a0<strong>la gamme T54<\/strong>. Dans la lign\u00e9e de la T56, la T54 offre une sensation de plaisir et de confort exceptionnelle.\u00a0<strong>La nouvelle s\u00e9rie de cannes en carbone tr\u00e8s haut module HMX54<\/strong>, \u00e0 la fois l\u00e9ger et puissant, a \u00e9t\u00e9 d\u00e9velopp\u00e9e afin d\u2019obtenir une action l\u00e9g\u00e8rement plus progressive, en gardant une tr\u00e8s grande pr\u00e9cision.\u00a0<strong>La poign\u00e9e en li\u00e8ge grade AAA<\/strong>, aux deux extr\u00e9mit\u00e9s en li\u00e8ge recompos\u00e9 pour plus de durabilit\u00e9. Le porte moulinet insert carbone avec double bague de serrage garantit la s\u00e9curit\u00e9 de votre moulinet. Mont\u00e9e avec un anneau sic et des anneaux monopattes (super hard chrome). Elle allie tous les points forts de la T56 avec un brin de subtilit\u00e9 et de douceur. La cosm\u00e9tique, \u00e0 la fois sobre et \u00e9l\u00e9gante, de cette nouvelle s\u00e9rie de cannes vous s\u00e9duira.<\/p>\n<p class=\"p1\"><strong>Livr\u00e9e dans tube cordura compartiment\u00e9.<\/strong><\/p>\n","protected":false},"featured_media":3164,"comment_status":"closed","ping_status":"closed","template":"","meta":{"_monsterinsights_skip_tracking":false,"_monsterinsights_sitenote_active":false,"_monsterinsights_sitenote_note":"","_monsterinsights_sitenote_category":0,"site-sidebar-layout":"default","site-content-layout":"content-boxed-container","ast-global-header-display":"","ast-banner-title-visibility":"","ast-main-header-display":"","ast-hfb-above-header-display":"","ast-hfb-below-header-display":"","ast-hfb-mobile-header-display":"","site-post-title":"","ast-breadcrumbs-content":"","ast-featured-img":"","footer-sml-layout":"","theme-transparent-header-meta":"default","adv-header-id-meta":"","stick-header-meta":"","header-above-stick-meta":"","header-main-stick-meta":"","header-below-stick-meta":""},"product_cat":[51],"product_tag":[],"aioseo_notices":[],"_links":{"self":[{"href":"https:\/\/latelier-mouche.fr\/index.php?rest_route=\/wp\/v2\/product\/3163"}],"collection":[{"href":"https:\/\/latelier-mouche.fr\/index.php?rest_route=\/wp\/v2\/product"}],"about":[{"href":"https:\/\/latelier-mouche.fr\/index.php?rest_route=\/wp\/v2\/types\/product"}],"replies":[{"embeddable":true,"href":"https:\/\/latelier-mouche.fr\/index.php?rest_route=%2Fwp%2Fv2%2Fcomments&post=3163"}],"version-history":[{"count":1,"href":"https:\/\/latelier-mouche.fr\/index.php?rest_route=\/wp\/v2\/product\/3163\/revisions"}],"predecessor-version":[{"id":3178,"href":"https:\/\/latelier-mouche.fr\/index.php?rest_route=\/wp\/v2\/product\/3163\/revisions\/3178"}],"wp:featuredmedia":[{"embeddable":true,"href":"https:\/\/latelier-mouche.fr\/index.php?rest_route=\/wp\/v2\/media\/3164"}],"wp:attachment":[{"href":"https:\/\/latelier-mouche.fr\/index.php?rest_route=%2Fwp%2Fv2%2Fmedia&parent=3163"}],"wp:term":[{"taxonomy":"product_cat","embeddable":true,"href":"https:\/\/latelier-mouche.fr\/index.php?rest_route=%2Fwp%2Fv2%2Fproduct_cat&post=3163"},{"taxonomy":"product_tag","embeddable":true,"href":"https:\/\/latelier-mouche.fr\/index.php?rest_route=%2Fwp%2Fv2%2Fproduct_tag&post=3163"}],"curies":[{"name":"wp","href":"https:\/\/api.w.org\/{rel}","templated":true}]}}