{"id":3076,"date":"2024-07-28T23:14:06","date_gmt":"2024-07-28T21:14:06","guid":{"rendered":"https:\/\/latelier-mouche.fr\/?post_type=product&#038;p=3076"},"modified":"2024-07-28T23:24:10","modified_gmt":"2024-07-28T21:24:10","slug":"serie-t50","status":"publish","type":"product","link":"https:\/\/latelier-mouche.fr\/?product=serie-t50","title":{"rendered":"S\u00e9rie T50"},"content":{"rendered":"","protected":false},"excerpt":{"rendered":"<p>&nbsp;<\/p>\n<p class=\"p1\"><strong>Grande innovation<\/strong>\u00a0en mati\u00e8re de cannes, suite \u00e0 l\u2019\u00e9volution du nouveau carbone haut module\u00a0<strong>HMX50<\/strong>\u00a0plus r\u00e9sistant et plus l\u00e9ger. La combinaison de ce carbone avec le nouveau mandrin de la\u00a0<strong>T50<\/strong>, conf\u00e8re \u00e0 cette nouvelle s\u00e9rie une action et un \u00e9quilibre remarquable, voir \u00e9tonnant. Sa puissante pointe progressive et son absence totale de vibration la rend tr\u00e8s confortable \u00e0 courte et \u00e0 longue distance tout en conservant une excellente pr\u00e9cision. Une gamme compl\u00e8te qui est destin\u00e9e \u00e0 tous les passionn\u00e9s de p\u00eaches techniques, de plaisir ou de comp\u00e9tition, recherchant le\u00a0<strong>confort et l\u2019\u00e9volution.<\/strong>\u00a0Tr\u00e8s beau blank gris mat \u00e9quip\u00e9 d\u2019un porte moulinet en alu gris mat avec double bague de serrage. La poign\u00e9e est en li\u00e8ge de forme DVX cigare grade AA avec deux extr\u00e9mit\u00e9s en li\u00e8ge recompos\u00e9 pour augmenter sa r\u00e9sistance. Mont\u00e9e avec un anneau de d\u00e9part sic et des anneaux monopattes (super hard chrome).<\/p>\n<p class=\"p1\"><strong>Livr\u00e9e dans un tube cordura compartiment\u00e9<\/strong><\/p>\n","protected":false},"featured_media":3077,"comment_status":"closed","ping_status":"closed","template":"","meta":{"_monsterinsights_skip_tracking":false,"_monsterinsights_sitenote_active":false,"_monsterinsights_sitenote_note":"","_monsterinsights_sitenote_category":0,"site-sidebar-layout":"default","site-content-layout":"content-boxed-container","ast-global-header-display":"","ast-banner-title-visibility":"","ast-main-header-display":"","ast-hfb-above-header-display":"","ast-hfb-below-header-display":"","ast-hfb-mobile-header-display":"","site-post-title":"","ast-breadcrumbs-content":"","ast-featured-img":"","footer-sml-layout":"","theme-transparent-header-meta":"default","adv-header-id-meta":"","stick-header-meta":"","header-above-stick-meta":"","header-main-stick-meta":"","header-below-stick-meta":""},"product_cat":[51],"product_tag":[],"aioseo_notices":[],"_links":{"self":[{"href":"https:\/\/latelier-mouche.fr\/index.php?rest_route=\/wp\/v2\/product\/3076"}],"collection":[{"href":"https:\/\/latelier-mouche.fr\/index.php?rest_route=\/wp\/v2\/product"}],"about":[{"href":"https:\/\/latelier-mouche.fr\/index.php?rest_route=\/wp\/v2\/types\/product"}],"replies":[{"embeddable":true,"href":"https:\/\/latelier-mouche.fr\/index.php?rest_route=%2Fwp%2Fv2%2Fcomments&post=3076"}],"version-history":[{"count":1,"href":"https:\/\/latelier-mouche.fr\/index.php?rest_route=\/wp\/v2\/product\/3076\/revisions"}],"predecessor-version":[{"id":3093,"href":"https:\/\/latelier-mouche.fr\/index.php?rest_route=\/wp\/v2\/product\/3076\/revisions\/3093"}],"wp:featuredmedia":[{"embeddable":true,"href":"https:\/\/latelier-mouche.fr\/index.php?rest_route=\/wp\/v2\/media\/3077"}],"wp:attachment":[{"href":"https:\/\/latelier-mouche.fr\/index.php?rest_route=%2Fwp%2Fv2%2Fmedia&parent=3076"}],"wp:term":[{"taxonomy":"product_cat","embeddable":true,"href":"https:\/\/latelier-mouche.fr\/index.php?rest_route=%2Fwp%2Fv2%2Fproduct_cat&post=3076"},{"taxonomy":"product_tag","embeddable":true,"href":"https:\/\/latelier-mouche.fr\/index.php?rest_route=%2Fwp%2Fv2%2Fproduct_tag&post=3076"}],"curies":[{"name":"wp","href":"https:\/\/api.w.org\/{rel}","templated":true}]}}