{"id":3055,"date":"2024-07-28T23:05:48","date_gmt":"2024-07-28T21:05:48","guid":{"rendered":"https:\/\/latelier-mouche.fr\/?post_type=product&#038;p=3055"},"modified":"2026-01-30T15:49:11","modified_gmt":"2026-01-30T14:49:11","slug":"kit-izi","status":"publish","type":"product","link":"https:\/\/latelier-mouche.fr\/?product=kit-izi","title":{"rendered":"Kit Izi"},"content":{"rendered":"","protected":false},"excerpt":{"rendered":"<p>&nbsp;<\/p>\n<p>Ensemble complet pour p\u00eacher \u00e0 la mouche et pour d\u00e9buter avec une action semi parabolique. Il est d\u00e9clin\u00e9 en trois longueurs avec des puissances adapt\u00e9es, pour la p\u00eache en rivi\u00e8re, en r\u00e9servoir et pour le carnassier.<strong>\u00a0Il comprend un tube rigide de protection en cordura avec le prot\u00e8ge moulinet int\u00e9gr\u00e9,une canne, un moulinet large arbor avec la soie, le backing et le bas de ligne qui sont d\u00e9j\u00e0 mont\u00e9s, ainsi que 6 mouches<\/strong><\/p>\n","protected":false},"featured_media":5555,"comment_status":"closed","ping_status":"closed","template":"","meta":{"_monsterinsights_skip_tracking":false,"_monsterinsights_sitenote_active":false,"_monsterinsights_sitenote_note":"","_monsterinsights_sitenote_category":0,"site-sidebar-layout":"default","site-content-layout":"content-boxed-container","ast-global-header-display":"","ast-banner-title-visibility":"","ast-main-header-display":"","ast-hfb-above-header-display":"","ast-hfb-below-header-display":"","ast-hfb-mobile-header-display":"","site-post-title":"","ast-breadcrumbs-content":"","ast-featured-img":"","footer-sml-layout":"","theme-transparent-header-meta":"default","adv-header-id-meta":"","stick-header-meta":"","header-above-stick-meta":"","header-main-stick-meta":"","header-below-stick-meta":""},"product_cat":[51],"product_tag":[],"aioseo_notices":[],"_links":{"self":[{"href":"https:\/\/latelier-mouche.fr\/index.php?rest_route=\/wp\/v2\/product\/3055"}],"collection":[{"href":"https:\/\/latelier-mouche.fr\/index.php?rest_route=\/wp\/v2\/product"}],"about":[{"href":"https:\/\/latelier-mouche.fr\/index.php?rest_route=\/wp\/v2\/types\/product"}],"replies":[{"embeddable":true,"href":"https:\/\/latelier-mouche.fr\/index.php?rest_route=%2Fwp%2Fv2%2Fcomments&post=3055"}],"version-history":[{"count":1,"href":"https:\/\/latelier-mouche.fr\/index.php?rest_route=\/wp\/v2\/product\/3055\/revisions"}],"predecessor-version":[{"id":3075,"href":"https:\/\/latelier-mouche.fr\/index.php?rest_route=\/wp\/v2\/product\/3055\/revisions\/3075"}],"wp:featuredmedia":[{"embeddable":true,"href":"https:\/\/latelier-mouche.fr\/index.php?rest_route=\/wp\/v2\/media\/5555"}],"wp:attachment":[{"href":"https:\/\/latelier-mouche.fr\/index.php?rest_route=%2Fwp%2Fv2%2Fmedia&parent=3055"}],"wp:term":[{"taxonomy":"product_cat","embeddable":true,"href":"https:\/\/latelier-mouche.fr\/index.php?rest_route=%2Fwp%2Fv2%2Fproduct_cat&post=3055"},{"taxonomy":"product_tag","embeddable":true,"href":"https:\/\/latelier-mouche.fr\/index.php?rest_route=%2Fwp%2Fv2%2Fproduct_tag&post=3055"}],"curies":[{"name":"wp","href":"https:\/\/api.w.org\/{rel}","templated":true}]}}