{"id":2965,"date":"2024-07-27T23:27:45","date_gmt":"2024-07-27T21:27:45","guid":{"rendered":"https:\/\/latelier-mouche.fr\/?post_type=product&#038;p=2965"},"modified":"2026-01-30T17:45:09","modified_gmt":"2026-01-30T16:45:09","slug":"nylon-fluorocarbone-tiger","status":"publish","type":"product","link":"https:\/\/latelier-mouche.fr\/?product=nylon-fluorocarbone-tiger","title":{"rendered":"Nylon Fluorocarbone Tiger"},"content":{"rendered":"","protected":false},"excerpt":{"rendered":"<p>&nbsp;<\/p>\n<p>Fil 100% fluorocarbone haut de gamme de fabrication japonaise. Excellente r\u00e9sistance aux n\u0153uds et \u00e0 l\u2019abrasion. Son indice de r\u00e9fraction est tr\u00e8s proche de celui de l\u2019eau, ce qui le rend totalement invisible \u00e0 l\u2019immersion et id\u00e9al pour solliciter les poissons difficiles. Ne craignant pas les rayons UV, il conservera toutes ses qualit\u00e9s dans le temps.\u00a0<strong>Le fil fluorocarbone TIGER<\/strong>\u00a0est parfait pour toutes vos p\u00eaches en nymphe, noy\u00e9e et streamer.<\/p>\n<p>&nbsp;<\/p>\n","protected":false},"featured_media":5612,"comment_status":"closed","ping_status":"closed","template":"","meta":{"_monsterinsights_skip_tracking":false,"_monsterinsights_sitenote_active":false,"_monsterinsights_sitenote_note":"","_monsterinsights_sitenote_category":0,"site-sidebar-layout":"default","site-content-layout":"content-boxed-container","ast-global-header-display":"","ast-banner-title-visibility":"","ast-main-header-display":"","ast-hfb-above-header-display":"","ast-hfb-below-header-display":"","ast-hfb-mobile-header-display":"","site-post-title":"","ast-breadcrumbs-content":"","ast-featured-img":"","footer-sml-layout":"","theme-transparent-header-meta":"default","adv-header-id-meta":"","stick-header-meta":"","header-above-stick-meta":"","header-main-stick-meta":"","header-below-stick-meta":""},"product_cat":[54],"product_tag":[],"aioseo_notices":[],"_links":{"self":[{"href":"https:\/\/latelier-mouche.fr\/index.php?rest_route=\/wp\/v2\/product\/2965"}],"collection":[{"href":"https:\/\/latelier-mouche.fr\/index.php?rest_route=\/wp\/v2\/product"}],"about":[{"href":"https:\/\/latelier-mouche.fr\/index.php?rest_route=\/wp\/v2\/types\/product"}],"replies":[{"embeddable":true,"href":"https:\/\/latelier-mouche.fr\/index.php?rest_route=%2Fwp%2Fv2%2Fcomments&post=2965"}],"version-history":[{"count":2,"href":"https:\/\/latelier-mouche.fr\/index.php?rest_route=\/wp\/v2\/product\/2965\/revisions"}],"predecessor-version":[{"id":2986,"href":"https:\/\/latelier-mouche.fr\/index.php?rest_route=\/wp\/v2\/product\/2965\/revisions\/2986"}],"wp:featuredmedia":[{"embeddable":true,"href":"https:\/\/latelier-mouche.fr\/index.php?rest_route=\/wp\/v2\/media\/5612"}],"wp:attachment":[{"href":"https:\/\/latelier-mouche.fr\/index.php?rest_route=%2Fwp%2Fv2%2Fmedia&parent=2965"}],"wp:term":[{"taxonomy":"product_cat","embeddable":true,"href":"https:\/\/latelier-mouche.fr\/index.php?rest_route=%2Fwp%2Fv2%2Fproduct_cat&post=2965"},{"taxonomy":"product_tag","embeddable":true,"href":"https:\/\/latelier-mouche.fr\/index.php?rest_route=%2Fwp%2Fv2%2Fproduct_tag&post=2965"}],"curies":[{"name":"wp","href":"https:\/\/api.w.org\/{rel}","templated":true}]}}