{"id":2942,"date":"2024-07-27T23:16:16","date_gmt":"2024-07-27T21:16:16","guid":{"rendered":"https:\/\/latelier-mouche.fr\/?post_type=product&#038;p=2942"},"modified":"2026-01-30T17:47:43","modified_gmt":"2026-01-30T16:47:43","slug":"nylon-super-tippet-tiger","status":"publish","type":"product","link":"https:\/\/latelier-mouche.fr\/?product=nylon-super-tippet-tiger","title":{"rendered":"Nylon Super Tippet Tiger"},"content":{"rendered":"","protected":false},"excerpt":{"rendered":"<p>&nbsp;<\/p>\n<p>Ce nylon haut de gamme de fabrication japonaise est cr\u00e9\u00e9 \u00e0 partir de polym\u00e8res de qualit\u00e9 sup\u00e9rieure. Son calibre est extr\u00eamement pr\u00e9cis et sa r\u00e9sistance aux n\u0153uds et \u00e0 l \u2019abrasion est excellente. Sans aucune m\u00e9moire, le fil nylon\u00a0<strong>SUPER TIPPET TIGER<\/strong>\u00a0est tr\u00e8s souple et \u00e9lastique et vous permettra de p\u00eacher encore plus fin sur des poissons difficiles. Ce nylon est id\u00e9al pour la pointe de vos bas de ligne et conviendra parfaitement \u00e0 toutes vos p\u00eaches en s\u00e8che et en nymphe<\/p>\n<p>&nbsp;<\/p>\n","protected":false},"featured_media":5613,"comment_status":"closed","ping_status":"closed","template":"","meta":{"_monsterinsights_skip_tracking":false,"_monsterinsights_sitenote_active":false,"_monsterinsights_sitenote_note":"","_monsterinsights_sitenote_category":0,"site-sidebar-layout":"default","site-content-layout":"content-boxed-container","ast-global-header-display":"","ast-banner-title-visibility":"","ast-main-header-display":"","ast-hfb-above-header-display":"","ast-hfb-below-header-display":"","ast-hfb-mobile-header-display":"","site-post-title":"","ast-breadcrumbs-content":"","ast-featured-img":"","footer-sml-layout":"","theme-transparent-header-meta":"default","adv-header-id-meta":"","stick-header-meta":"","header-above-stick-meta":"","header-main-stick-meta":"","header-below-stick-meta":""},"product_cat":[54],"product_tag":[],"aioseo_notices":[],"_links":{"self":[{"href":"https:\/\/latelier-mouche.fr\/index.php?rest_route=\/wp\/v2\/product\/2942"}],"collection":[{"href":"https:\/\/latelier-mouche.fr\/index.php?rest_route=\/wp\/v2\/product"}],"about":[{"href":"https:\/\/latelier-mouche.fr\/index.php?rest_route=\/wp\/v2\/types\/product"}],"replies":[{"embeddable":true,"href":"https:\/\/latelier-mouche.fr\/index.php?rest_route=%2Fwp%2Fv2%2Fcomments&post=2942"}],"version-history":[{"count":3,"href":"https:\/\/latelier-mouche.fr\/index.php?rest_route=\/wp\/v2\/product\/2942\/revisions"}],"predecessor-version":[{"id":2964,"href":"https:\/\/latelier-mouche.fr\/index.php?rest_route=\/wp\/v2\/product\/2942\/revisions\/2964"}],"wp:featuredmedia":[{"embeddable":true,"href":"https:\/\/latelier-mouche.fr\/index.php?rest_route=\/wp\/v2\/media\/5613"}],"wp:attachment":[{"href":"https:\/\/latelier-mouche.fr\/index.php?rest_route=%2Fwp%2Fv2%2Fmedia&parent=2942"}],"wp:term":[{"taxonomy":"product_cat","embeddable":true,"href":"https:\/\/latelier-mouche.fr\/index.php?rest_route=%2Fwp%2Fv2%2Fproduct_cat&post=2942"},{"taxonomy":"product_tag","embeddable":true,"href":"https:\/\/latelier-mouche.fr\/index.php?rest_route=%2Fwp%2Fv2%2Fproduct_tag&post=2942"}],"curies":[{"name":"wp","href":"https:\/\/api.w.org\/{rel}","templated":true}]}}