{"id":2897,"date":"2024-07-26T23:39:04","date_gmt":"2024-07-26T21:39:04","guid":{"rendered":"https:\/\/latelier-mouche.fr\/?post_type=product&#038;p=2897"},"modified":"2026-01-30T17:50:14","modified_gmt":"2026-01-30T16:50:14","slug":"nylon-tiger","status":"publish","type":"product","link":"https:\/\/latelier-mouche.fr\/?product=nylon-tiger","title":{"rendered":"Nylon Tiger"},"content":{"rendered":"","protected":false},"excerpt":{"rendered":"<p>&nbsp;<\/p>\n<p>Ce fil nylon de fabrication japonaise est cr\u00e9\u00e9 \u00e0 partir de polym\u00e8res de haute qualit\u00e9. Tr\u00e8s r\u00e9sistant \u00e0 l\u2019abrasion, il se caract\u00e9rise \u00e9galement par sa souplesse et son absence de m\u00e9moire.\u00a0<strong>Le fil nylon TIGER<\/strong>\u00a0est tr\u00e8s polyvalent et conviendra parfaitement pour toutes vos p\u00eaches en rivi\u00e8re et en r\u00e9servoir, il est notamment tr\u00e8s appr\u00e9ci\u00e9 dans le domaine de la comp\u00e9tition.Son diam\u00e8tre est d\u2019une grande pr\u00e9cision<\/p>\n<p>&nbsp;<\/p>\n","protected":false},"featured_media":5614,"comment_status":"closed","ping_status":"closed","template":"","meta":{"_monsterinsights_skip_tracking":false,"_monsterinsights_sitenote_active":false,"_monsterinsights_sitenote_note":"","_monsterinsights_sitenote_category":0,"site-sidebar-layout":"default","site-content-layout":"content-boxed-container","ast-global-header-display":"","ast-banner-title-visibility":"","ast-main-header-display":"","ast-hfb-above-header-display":"","ast-hfb-below-header-display":"","ast-hfb-mobile-header-display":"","site-post-title":"","ast-breadcrumbs-content":"","ast-featured-img":"","footer-sml-layout":"","theme-transparent-header-meta":"default","adv-header-id-meta":"","stick-header-meta":"","header-above-stick-meta":"","header-main-stick-meta":"","header-below-stick-meta":""},"product_cat":[54],"product_tag":[],"aioseo_notices":[],"_links":{"self":[{"href":"https:\/\/latelier-mouche.fr\/index.php?rest_route=\/wp\/v2\/product\/2897"}],"collection":[{"href":"https:\/\/latelier-mouche.fr\/index.php?rest_route=\/wp\/v2\/product"}],"about":[{"href":"https:\/\/latelier-mouche.fr\/index.php?rest_route=\/wp\/v2\/types\/product"}],"replies":[{"embeddable":true,"href":"https:\/\/latelier-mouche.fr\/index.php?rest_route=%2Fwp%2Fv2%2Fcomments&post=2897"}],"version-history":[{"count":3,"href":"https:\/\/latelier-mouche.fr\/index.php?rest_route=\/wp\/v2\/product\/2897\/revisions"}],"predecessor-version":[{"id":2919,"href":"https:\/\/latelier-mouche.fr\/index.php?rest_route=\/wp\/v2\/product\/2897\/revisions\/2919"}],"wp:featuredmedia":[{"embeddable":true,"href":"https:\/\/latelier-mouche.fr\/index.php?rest_route=\/wp\/v2\/media\/5614"}],"wp:attachment":[{"href":"https:\/\/latelier-mouche.fr\/index.php?rest_route=%2Fwp%2Fv2%2Fmedia&parent=2897"}],"wp:term":[{"taxonomy":"product_cat","embeddable":true,"href":"https:\/\/latelier-mouche.fr\/index.php?rest_route=%2Fwp%2Fv2%2Fproduct_cat&post=2897"},{"taxonomy":"product_tag","embeddable":true,"href":"https:\/\/latelier-mouche.fr\/index.php?rest_route=%2Fwp%2Fv2%2Fproduct_tag&post=2897"}],"curies":[{"name":"wp","href":"https:\/\/api.w.org\/{rel}","templated":true}]}}