{"id":2851,"date":"2024-07-25T22:52:15","date_gmt":"2024-07-25T20:52:15","guid":{"rendered":"https:\/\/latelier-mouche.fr\/?post_type=product&#038;p=2851"},"modified":"2024-07-29T17:46:50","modified_gmt":"2024-07-29T15:46:50","slug":"moulinets-d917","status":"publish","type":"product","link":"https:\/\/latelier-mouche.fr\/?product=moulinets-d917","title":{"rendered":"Moulinets D917"},"content":{"rendered":"","protected":false},"excerpt":{"rendered":"<p>&nbsp;<\/p>\n<p>Superbe moulinet large arbor haut de gamme au design moderne. Il est le fruit d\u2019un subtil m\u00e9lange d\u2019\u00e9l\u00e9gance et de technicit\u00e9. Le D917 est r\u00e9alis\u00e9 en aluminium a\u00e9ronautique et enti\u00e8rement usin\u00e9 dans la masse ce qui lui conf\u00e8re une excellente solidit\u00e9 et une longue dur\u00e9e de vie. Le D917 est un moulinet relativement \u00e9troit de 1,9cm de largeur et d\u2019un diam\u00e8tre de 9,8cm. Ainsi, il vous offrira une vitesse de r\u00e9cup\u00e9ration de soie plus rapide en action de p\u00eache. Dot\u00e9 d\u2019un puissant frein microm\u00e9trique progressif d\u2018une extr\u00eame pr\u00e9cision, il vous autorisera le combat de gros poissons en toute confiance.<\/p>\n<p><strong>R\u00e9versible droitier\/gaucher. Livr\u00e9 dans une housse en n\u00e9opr\u00e8ne.<\/strong><\/p>\n<p>COLORIS : POURPRE M\u00c9TALIS\u00c9 (P) \/ NOIR MAT (B)<\/p>\n","protected":false},"featured_media":2870,"comment_status":"closed","ping_status":"closed","template":"","meta":{"_monsterinsights_skip_tracking":false,"_monsterinsights_sitenote_active":false,"_monsterinsights_sitenote_note":"","_monsterinsights_sitenote_category":0,"site-sidebar-layout":"default","site-content-layout":"content-boxed-container","ast-global-header-display":"","ast-banner-title-visibility":"","ast-main-header-display":"","ast-hfb-above-header-display":"","ast-hfb-below-header-display":"","ast-hfb-mobile-header-display":"","site-post-title":"","ast-breadcrumbs-content":"","ast-featured-img":"","footer-sml-layout":"","theme-transparent-header-meta":"default","adv-header-id-meta":"","stick-header-meta":"","header-above-stick-meta":"","header-main-stick-meta":"","header-below-stick-meta":""},"product_cat":[53],"product_tag":[],"aioseo_notices":[],"_links":{"self":[{"href":"https:\/\/latelier-mouche.fr\/index.php?rest_route=\/wp\/v2\/product\/2851"}],"collection":[{"href":"https:\/\/latelier-mouche.fr\/index.php?rest_route=\/wp\/v2\/product"}],"about":[{"href":"https:\/\/latelier-mouche.fr\/index.php?rest_route=\/wp\/v2\/types\/product"}],"replies":[{"embeddable":true,"href":"https:\/\/latelier-mouche.fr\/index.php?rest_route=%2Fwp%2Fv2%2Fcomments&post=2851"}],"version-history":[{"count":2,"href":"https:\/\/latelier-mouche.fr\/index.php?rest_route=\/wp\/v2\/product\/2851\/revisions"}],"predecessor-version":[{"id":3222,"href":"https:\/\/latelier-mouche.fr\/index.php?rest_route=\/wp\/v2\/product\/2851\/revisions\/3222"}],"wp:featuredmedia":[{"embeddable":true,"href":"https:\/\/latelier-mouche.fr\/index.php?rest_route=\/wp\/v2\/media\/2870"}],"wp:attachment":[{"href":"https:\/\/latelier-mouche.fr\/index.php?rest_route=%2Fwp%2Fv2%2Fmedia&parent=2851"}],"wp:term":[{"taxonomy":"product_cat","embeddable":true,"href":"https:\/\/latelier-mouche.fr\/index.php?rest_route=%2Fwp%2Fv2%2Fproduct_cat&post=2851"},{"taxonomy":"product_tag","embeddable":true,"href":"https:\/\/latelier-mouche.fr\/index.php?rest_route=%2Fwp%2Fv2%2Fproduct_tag&post=2851"}],"curies":[{"name":"wp","href":"https:\/\/api.w.org\/{rel}","templated":true}]}}