{"id":2830,"date":"2024-07-25T22:31:49","date_gmt":"2024-07-25T20:31:49","guid":{"rendered":"https:\/\/latelier-mouche.fr\/?post_type=product&#038;p=2830"},"modified":"2024-07-25T22:57:52","modified_gmt":"2024-07-25T20:57:52","slug":"moulinets-d806-k","status":"publish","type":"product","link":"https:\/\/latelier-mouche.fr\/?product=moulinets-d806-k","title":{"rendered":"Moulinets D806 K"},"content":{"rendered":"","protected":false},"excerpt":{"rendered":"<p>&nbsp;<\/p>\n<p class=\"p1\">Le moulinet D806 K large arbor allie tout simplement fiabilit\u00e9 et performance. R\u00e9alis\u00e9 en aluminium et enti\u00e8rement usin\u00e9 dans la masse, il est d\u2019une solidit\u00e9 \u00e0 toute \u00e9preuve. Son puissant frein microm\u00e9trique progressif est extr\u00eamement pr\u00e9cis et vous permettra de combattre tous les types de poissons en toute s\u00e9r\u00e9nit\u00e9.<br \/>\nSa technicit\u00e9 et son design moderne s\u00e9duiront les p\u00eacheurs exigeants. Il est d\u00e9clin\u00e9 en quatre tailles pour pallier \u00e0 toutes les situations.<\/p>\n<p class=\"p1\"><em><strong>R\u00e9versible droitier\/gaucher. Livr\u00e9 dans une housse en n\u00e9opr\u00e8ne.<\/strong><\/em><\/p>\n<p class=\"p2\"><strong><span class=\"s1\">COLORIS :\u00a0<\/span><\/strong><strong>BRUN M\u00c9TALIS\u00c9<\/strong><\/p>\n","protected":false},"featured_media":2849,"comment_status":"closed","ping_status":"closed","template":"","meta":{"_monsterinsights_skip_tracking":false,"_monsterinsights_sitenote_active":false,"_monsterinsights_sitenote_note":"","_monsterinsights_sitenote_category":0,"site-sidebar-layout":"default","site-content-layout":"content-boxed-container","ast-global-header-display":"","ast-banner-title-visibility":"","ast-main-header-display":"","ast-hfb-above-header-display":"","ast-hfb-below-header-display":"","ast-hfb-mobile-header-display":"","site-post-title":"","ast-breadcrumbs-content":"","ast-featured-img":"","footer-sml-layout":"","theme-transparent-header-meta":"default","adv-header-id-meta":"","stick-header-meta":"","header-above-stick-meta":"","header-main-stick-meta":"","header-below-stick-meta":""},"product_cat":[53],"product_tag":[],"aioseo_notices":[],"_links":{"self":[{"href":"https:\/\/latelier-mouche.fr\/index.php?rest_route=\/wp\/v2\/product\/2830"}],"collection":[{"href":"https:\/\/latelier-mouche.fr\/index.php?rest_route=\/wp\/v2\/product"}],"about":[{"href":"https:\/\/latelier-mouche.fr\/index.php?rest_route=\/wp\/v2\/types\/product"}],"replies":[{"embeddable":true,"href":"https:\/\/latelier-mouche.fr\/index.php?rest_route=%2Fwp%2Fv2%2Fcomments&post=2830"}],"version-history":[{"count":2,"href":"https:\/\/latelier-mouche.fr\/index.php?rest_route=\/wp\/v2\/product\/2830\/revisions"}],"predecessor-version":[{"id":2872,"href":"https:\/\/latelier-mouche.fr\/index.php?rest_route=\/wp\/v2\/product\/2830\/revisions\/2872"}],"wp:featuredmedia":[{"embeddable":true,"href":"https:\/\/latelier-mouche.fr\/index.php?rest_route=\/wp\/v2\/media\/2849"}],"wp:attachment":[{"href":"https:\/\/latelier-mouche.fr\/index.php?rest_route=%2Fwp%2Fv2%2Fmedia&parent=2830"}],"wp:term":[{"taxonomy":"product_cat","embeddable":true,"href":"https:\/\/latelier-mouche.fr\/index.php?rest_route=%2Fwp%2Fv2%2Fproduct_cat&post=2830"},{"taxonomy":"product_tag","embeddable":true,"href":"https:\/\/latelier-mouche.fr\/index.php?rest_route=%2Fwp%2Fv2%2Fproduct_tag&post=2830"}],"curies":[{"name":"wp","href":"https:\/\/api.w.org\/{rel}","templated":true}]}}