{"id":2782,"date":"2024-07-24T23:34:11","date_gmt":"2024-07-24T21:34:11","guid":{"rendered":"https:\/\/latelier-mouche.fr\/?post_type=product&#038;p=2782"},"modified":"2024-07-29T18:03:31","modified_gmt":"2024-07-29T16:03:31","slug":"soie-flyklass-2","status":"publish","type":"product","link":"https:\/\/latelier-mouche.fr\/?product=soie-flyklass-2","title":{"rendered":"soie  FLYKLASS"},"content":{"rendered":"","protected":false},"excerpt":{"rendered":"<div class=\"wpb_text_column wpb_content_element \">\n<div class=\"wpb_wrapper\">\n<p>&nbsp;<\/p>\n<p>La FLYKLASS est issue de la nouvelle technologie VIZNEW qui permet d\u2019avoir une bonne vision des lancers et de la d\u00e9rive gr\u00e2ce \u00e0 ce nouveau coloris orange fluo. Ce proc\u00e9d\u00e9 augmente \u00e9galement la flottaison et la glisse dans les anneaux. Ce coloris facilite l\u2019apprentissage du lancer, il permet de bien visualiser la boucle de la soie. Les\u00a0 FLYKLASS conviendront \u00e0 tous les p\u00eacheurs d\u00e9sireux d\u2019\u00e9voluer dans leur technique. Le profil DT, avec sa pointe fi ne, permet les approches d\u00e9licates. Le WFX est un profil tr\u00e8s progressif qui facilite le lancer, permettant des pos\u00e9s discrets gr\u00e2ce \u00e0 sa pointe longue et fi ne. La technologie VIZNEW d\u00e9velopp\u00e9e pour les FLYKLASS, permet aux p\u00eacheurs d\u2019utiliser une soie fine et sans m\u00e9moire, un r\u00e9el confort pour des p\u00eaches techniques. Le profil parall\u00e8le (PP) fait 0,55mm, id\u00e9al pour la p\u00eache en nymphes au fiL<\/p>\n<\/div>\n<\/div>\n","protected":false},"featured_media":2715,"comment_status":"closed","ping_status":"closed","template":"","meta":{"_monsterinsights_skip_tracking":false,"_monsterinsights_sitenote_active":false,"_monsterinsights_sitenote_note":"","_monsterinsights_sitenote_category":0,"site-sidebar-layout":"default","site-content-layout":"content-boxed-container","ast-global-header-display":"","ast-banner-title-visibility":"","ast-main-header-display":"","ast-hfb-above-header-display":"","ast-hfb-below-header-display":"","ast-hfb-mobile-header-display":"","site-post-title":"","ast-breadcrumbs-content":"","ast-featured-img":"","footer-sml-layout":"","theme-transparent-header-meta":"default","adv-header-id-meta":"","stick-header-meta":"","header-above-stick-meta":"","header-main-stick-meta":"","header-below-stick-meta":""},"product_cat":[56],"product_tag":[],"aioseo_notices":[],"_links":{"self":[{"href":"https:\/\/latelier-mouche.fr\/index.php?rest_route=\/wp\/v2\/product\/2782"}],"collection":[{"href":"https:\/\/latelier-mouche.fr\/index.php?rest_route=\/wp\/v2\/product"}],"about":[{"href":"https:\/\/latelier-mouche.fr\/index.php?rest_route=\/wp\/v2\/types\/product"}],"replies":[{"embeddable":true,"href":"https:\/\/latelier-mouche.fr\/index.php?rest_route=%2Fwp%2Fv2%2Fcomments&post=2782"}],"version-history":[{"count":2,"href":"https:\/\/latelier-mouche.fr\/index.php?rest_route=\/wp\/v2\/product\/2782\/revisions"}],"predecessor-version":[{"id":2802,"href":"https:\/\/latelier-mouche.fr\/index.php?rest_route=\/wp\/v2\/product\/2782\/revisions\/2802"}],"wp:featuredmedia":[{"embeddable":true,"href":"https:\/\/latelier-mouche.fr\/index.php?rest_route=\/wp\/v2\/media\/2715"}],"wp:attachment":[{"href":"https:\/\/latelier-mouche.fr\/index.php?rest_route=%2Fwp%2Fv2%2Fmedia&parent=2782"}],"wp:term":[{"taxonomy":"product_cat","embeddable":true,"href":"https:\/\/latelier-mouche.fr\/index.php?rest_route=%2Fwp%2Fv2%2Fproduct_cat&post=2782"},{"taxonomy":"product_tag","embeddable":true,"href":"https:\/\/latelier-mouche.fr\/index.php?rest_route=%2Fwp%2Fv2%2Fproduct_tag&post=2782"}],"curies":[{"name":"wp","href":"https:\/\/api.w.org\/{rel}","templated":true}]}}