{"id":2668,"date":"2024-07-22T07:26:17","date_gmt":"2024-07-22T05:26:17","guid":{"rendered":"https:\/\/latelier-mouche.fr\/?post_type=product&#038;p=2668"},"modified":"2024-07-29T22:14:40","modified_gmt":"2024-07-29T20:14:40","slug":"soie-t56","status":"publish","type":"product","link":"https:\/\/latelier-mouche.fr\/?product=soie-t56","title":{"rendered":"soie Castlake"},"content":{"rendered":"","protected":false},"excerpt":{"rendered":"<div class=\"wpb_text_column wpb_content_element \">\n<div class=\"wpb_wrapper\">\n<p>&nbsp;<\/p>\n<p><strong>La gamme Castlake a \u00e9t\u00e9 d\u00e9velopp\u00e9e pour la p\u00eache en r\u00e9servoir et le streamer en rivi\u00e8re<\/strong>. Gr\u00e2ce aux derni\u00e8res avanc\u00e9es technologiques la gamme\u00a0<strong>CASTLAKE<\/strong>\u00a0obtient une meilleure glisse et un d\u00e9ploiement tr\u00e8s progressif pour atteindre de longue distance de lancer avec discr\u00e9tion. Pour les soies Sinking S3 \u00e0 S7 les soies sont bicolores, trois codes couleur permettent de bien diff\u00e9rencier les densit\u00e9s de pointes.\u00a0<strong>Le running line tr\u00e8s visible (VIZNEW) facilite la visualisation des touches m\u00eame les plus fines<\/strong><\/p>\n<\/div>\n<\/div>\n","protected":false},"featured_media":3289,"comment_status":"closed","ping_status":"closed","template":"","meta":{"_monsterinsights_skip_tracking":false,"_monsterinsights_sitenote_active":false,"_monsterinsights_sitenote_note":"","_monsterinsights_sitenote_category":0,"site-sidebar-layout":"default","site-content-layout":"content-boxed-container","ast-global-header-display":"","ast-banner-title-visibility":"","ast-main-header-display":"","ast-hfb-above-header-display":"","ast-hfb-below-header-display":"","ast-hfb-mobile-header-display":"","site-post-title":"","ast-breadcrumbs-content":"","ast-featured-img":"","footer-sml-layout":"","theme-transparent-header-meta":"default","adv-header-id-meta":"","stick-header-meta":"","header-above-stick-meta":"","header-main-stick-meta":"","header-below-stick-meta":""},"product_cat":[56],"product_tag":[],"aioseo_notices":[],"_links":{"self":[{"href":"https:\/\/latelier-mouche.fr\/index.php?rest_route=\/wp\/v2\/product\/2668"}],"collection":[{"href":"https:\/\/latelier-mouche.fr\/index.php?rest_route=\/wp\/v2\/product"}],"about":[{"href":"https:\/\/latelier-mouche.fr\/index.php?rest_route=\/wp\/v2\/types\/product"}],"replies":[{"embeddable":true,"href":"https:\/\/latelier-mouche.fr\/index.php?rest_route=%2Fwp%2Fv2%2Fcomments&post=2668"}],"version-history":[{"count":9,"href":"https:\/\/latelier-mouche.fr\/index.php?rest_route=\/wp\/v2\/product\/2668\/revisions"}],"predecessor-version":[{"id":3297,"href":"https:\/\/latelier-mouche.fr\/index.php?rest_route=\/wp\/v2\/product\/2668\/revisions\/3297"}],"wp:featuredmedia":[{"embeddable":true,"href":"https:\/\/latelier-mouche.fr\/index.php?rest_route=\/wp\/v2\/media\/3289"}],"wp:attachment":[{"href":"https:\/\/latelier-mouche.fr\/index.php?rest_route=%2Fwp%2Fv2%2Fmedia&parent=2668"}],"wp:term":[{"taxonomy":"product_cat","embeddable":true,"href":"https:\/\/latelier-mouche.fr\/index.php?rest_route=%2Fwp%2Fv2%2Fproduct_cat&post=2668"},{"taxonomy":"product_tag","embeddable":true,"href":"https:\/\/latelier-mouche.fr\/index.php?rest_route=%2Fwp%2Fv2%2Fproduct_tag&post=2668"}],"curies":[{"name":"wp","href":"https:\/\/api.w.org\/{rel}","templated":true}]}}