{"id":2643,"date":"2024-07-20T06:59:52","date_gmt":"2024-07-20T04:59:52","guid":{"rendered":"https:\/\/latelier-mouche.fr\/?post_type=product&#038;p=2643"},"modified":"2024-07-24T23:45:00","modified_gmt":"2024-07-24T21:45:00","slug":"canne-t56-et-t56-nymph","status":"publish","type":"product","link":"https:\/\/latelier-mouche.fr\/?product=canne-t56-et-t56-nymph","title":{"rendered":"canne t56 et t56 nymph"},"content":{"rendered":"","protected":false},"excerpt":{"rendered":"<p>&nbsp;<\/p>\n<p><strong>cannes t56<\/strong><\/p>\n<p><strong>Technologie, innovation, \u00e9l\u00e9gance<\/strong>. Une seule prise en mains suffit pour appr\u00e9hender l\u2019impressionnant niveau de puissance et la tr\u00e8s haute performance de la s\u00e9rie\u00a0<strong>T56<\/strong>. L\u2019association de la nouvelle technologie du carbone tr\u00e8s haut\u00a0<strong>module HMX56<\/strong>, encore plus l\u00e9ger et offrant plus de r\u00e9sistance, avec les nouveaux mandrins de la T56, conf\u00e8re \u00e0 cette s\u00e9rie un \u00e9quilibre irr\u00e9prochable. Une action de pointe progressive in\u00e9dite, qui va surprendre un grand nombre de p\u00eacheurs. La transmission d\u2019\u00e9nergie progressive, sans aucune vibration, offre \u00e0 cette s\u00e9rie une sensation de plaisir et de confort exceptionnelle. En plus de son efficacit\u00e9, cette s\u00e9rie se d\u00e9marque par l\u2019\u00e9l\u00e9gance de son blank verni, incrust\u00e9 de micros reflets holographiques, subtil m\u00e9lange de couleurs.<\/p>\n<p><strong>cannes t56 nymph<\/strong><\/p>\n<p>sp\u00e9cialement d\u00e9di\u00e9es \u00e0 la pratique de la p\u00eache en nymphe en 9\u20198 et 10\u20198. Elle comprend les longueurs de 9\u20198, 10\u2019, 10\u20194 et 10\u20198 en soie de 2\/3. Les comp\u00e9titeurs comme les p\u00eacheurs les plus exigeants d\u2019entre vous y retrouveront tout le savoir-faire et la passion qui nous anime. Leur sensibilit\u00e9 permet la d\u00e9tection des touches les plus fines, vous permettant de r\u00e9aliser les p\u00eaches tr\u00e8s d\u00e9licates. Elles vous offriront \u00e9galement un tr\u00e8s haut niveau de performance pour la p\u00eache en s\u00e8che, que ce soit \u00e0 courte ou \u00e0 longue distance. Un \u00e9quilibre parfait et un grand confort d\u2019utilisation pour des cannes de ces longueurs. Souplesse, l\u00e9g\u00e8ret\u00e9, confort, une tenue du poisson exceptionnelle au combat avec les fils les plus fins du march\u00e9.<br \/>\n<strong>Livr\u00e9e dans un tube Cordura compartiment\u00e9<\/strong><br \/>\nPorte-moulinet en aluminium, serti de carbone, avec double bague de serrage. Poign\u00e9e en li\u00e8ge forme cigare ou tulipe grade AAA. Les deux extr\u00e9mit\u00e9s sont en li\u00e8ge recompos\u00e9 pour augmenter sa r\u00e9sistance. Mont\u00e9e avec un anneau de d\u00e9part sic et des anneaux monopattes (super hard chrome).<\/p>\n","protected":false},"featured_media":2647,"comment_status":"closed","ping_status":"closed","template":"","meta":{"_monsterinsights_skip_tracking":false,"_monsterinsights_sitenote_active":false,"_monsterinsights_sitenote_note":"","_monsterinsights_sitenote_category":0,"site-sidebar-layout":"default","site-content-layout":"content-boxed-container","ast-global-header-display":"","ast-banner-title-visibility":"","ast-main-header-display":"","ast-hfb-above-header-display":"","ast-hfb-below-header-display":"","ast-hfb-mobile-header-display":"","site-post-title":"","ast-breadcrumbs-content":"","ast-featured-img":"","footer-sml-layout":"","theme-transparent-header-meta":"default","adv-header-id-meta":"","stick-header-meta":"","header-above-stick-meta":"","header-main-stick-meta":"","header-below-stick-meta":""},"product_cat":[51],"product_tag":[],"aioseo_notices":[],"_links":{"self":[{"href":"https:\/\/latelier-mouche.fr\/index.php?rest_route=\/wp\/v2\/product\/2643"}],"collection":[{"href":"https:\/\/latelier-mouche.fr\/index.php?rest_route=\/wp\/v2\/product"}],"about":[{"href":"https:\/\/latelier-mouche.fr\/index.php?rest_route=\/wp\/v2\/types\/product"}],"replies":[{"embeddable":true,"href":"https:\/\/latelier-mouche.fr\/index.php?rest_route=%2Fwp%2Fv2%2Fcomments&post=2643"}],"version-history":[{"count":2,"href":"https:\/\/latelier-mouche.fr\/index.php?rest_route=\/wp\/v2\/product\/2643\/revisions"}],"predecessor-version":[{"id":2695,"href":"https:\/\/latelier-mouche.fr\/index.php?rest_route=\/wp\/v2\/product\/2643\/revisions\/2695"}],"wp:featuredmedia":[{"embeddable":true,"href":"https:\/\/latelier-mouche.fr\/index.php?rest_route=\/wp\/v2\/media\/2647"}],"wp:attachment":[{"href":"https:\/\/latelier-mouche.fr\/index.php?rest_route=%2Fwp%2Fv2%2Fmedia&parent=2643"}],"wp:term":[{"taxonomy":"product_cat","embeddable":true,"href":"https:\/\/latelier-mouche.fr\/index.php?rest_route=%2Fwp%2Fv2%2Fproduct_cat&post=2643"},{"taxonomy":"product_tag","embeddable":true,"href":"https:\/\/latelier-mouche.fr\/index.php?rest_route=%2Fwp%2Fv2%2Fproduct_tag&post=2643"}],"curies":[{"name":"wp","href":"https:\/\/api.w.org\/{rel}","templated":true}]}}