{"id":2569,"date":"2024-05-14T22:51:34","date_gmt":"2024-05-14T20:51:34","guid":{"rendered":"https:\/\/latelier-mouche.fr\/?post_type=product&#038;p=2569"},"modified":"2026-02-03T18:52:28","modified_gmt":"2026-02-03T17:52:28","slug":"lancette-pardo-moyen","status":"publish","type":"product","link":"https:\/\/latelier-mouche.fr\/?product=lancette-pardo-moyen","title":{"rendered":"lancette pardo moyen"},"content":{"rendered":"","protected":false},"excerpt":{"rendered":"<p>superbes plumes de coq Pardo d&rsquo;une qualit\u00e9 extraordinaire . Ces plumes sont id\u00e9ales pour la r\u00e9alisation des cerques , des nymphes et de mouches s\u00e8ches ainsi que pour la r\u00e9alisation des mouches noy\u00e9es.<\/p>\n","protected":false},"featured_media":2576,"comment_status":"closed","ping_status":"closed","template":"","meta":{"_monsterinsights_skip_tracking":false,"_monsterinsights_sitenote_active":false,"_monsterinsights_sitenote_note":"","_monsterinsights_sitenote_category":0,"site-sidebar-layout":"default","site-content-layout":"content-boxed-container","ast-global-header-display":"","ast-banner-title-visibility":"","ast-main-header-display":"","ast-hfb-above-header-display":"","ast-hfb-below-header-display":"","ast-hfb-mobile-header-display":"","site-post-title":"","ast-breadcrumbs-content":"","ast-featured-img":"","footer-sml-layout":"","theme-transparent-header-meta":"default","adv-header-id-meta":"","stick-header-meta":"","header-above-stick-meta":"","header-main-stick-meta":"","header-below-stick-meta":""},"product_cat":[43],"product_tag":[],"aioseo_notices":[],"_links":{"self":[{"href":"https:\/\/latelier-mouche.fr\/index.php?rest_route=\/wp\/v2\/product\/2569"}],"collection":[{"href":"https:\/\/latelier-mouche.fr\/index.php?rest_route=\/wp\/v2\/product"}],"about":[{"href":"https:\/\/latelier-mouche.fr\/index.php?rest_route=\/wp\/v2\/types\/product"}],"replies":[{"embeddable":true,"href":"https:\/\/latelier-mouche.fr\/index.php?rest_route=%2Fwp%2Fv2%2Fcomments&post=2569"}],"version-history":[{"count":1,"href":"https:\/\/latelier-mouche.fr\/index.php?rest_route=\/wp\/v2\/product\/2569\/revisions"}],"predecessor-version":[{"id":2577,"href":"https:\/\/latelier-mouche.fr\/index.php?rest_route=\/wp\/v2\/product\/2569\/revisions\/2577"}],"wp:featuredmedia":[{"embeddable":true,"href":"https:\/\/latelier-mouche.fr\/index.php?rest_route=\/wp\/v2\/media\/2576"}],"wp:attachment":[{"href":"https:\/\/latelier-mouche.fr\/index.php?rest_route=%2Fwp%2Fv2%2Fmedia&parent=2569"}],"wp:term":[{"taxonomy":"product_cat","embeddable":true,"href":"https:\/\/latelier-mouche.fr\/index.php?rest_route=%2Fwp%2Fv2%2Fproduct_cat&post=2569"},{"taxonomy":"product_tag","embeddable":true,"href":"https:\/\/latelier-mouche.fr\/index.php?rest_route=%2Fwp%2Fv2%2Fproduct_tag&post=2569"}],"curies":[{"name":"wp","href":"https:\/\/api.w.org\/{rel}","templated":true}]}}