{"id":2502,"date":"2024-02-25T18:00:52","date_gmt":"2024-02-25T17:00:52","guid":{"rendered":"https:\/\/latelier-mouche.fr\/?post_type=product&#038;p=2502"},"modified":"2024-05-23T23:47:35","modified_gmt":"2024-05-23T21:47:35","slug":"lolive","status":"publish","type":"product","link":"https:\/\/latelier-mouche.fr\/?product=lolive","title":{"rendered":"l&rsquo;olive"},"content":{"rendered":"","protected":false},"excerpt":{"rendered":"<p>l&rsquo;olive substitue de condor t\u00eate cuivre <span class=\"corrected-phrase ng-star-inserted\" data-end=\"66\" data-originaltext=\"id\u00e9al\" data-start=\"62\" data-text=\"id\u00e9ale\"><span class=\"corrected-phrase__displayed-text corrected-phrase__displayed-text_bubbled\" data-group=\"AutoCorrected\" data-suggestions=\"1\" data-type=\"Grammar\">id\u00e9ale<\/span><\/span>\u00a0<span class=\"corrected-phrase ng-star-inserted\" data-end=\"89\" data-originaltext=\"pour les poison \u00e9duqu\u00e9\" data-start=\"68\" data-text=\"pour les poisons \u00e9duqu\u00e9s\"><span class=\"corrected-phrase__displayed-text corrected-phrase__displayed-text_bubbled\" data-group=\"AutoCorrected\" data-suggestions=\"1\" data-type=\"Grammar\">pour les poisons \u00e9duqu\u00e9s<\/span><\/span>\u00a0<span class=\"corrected-phrase ng-star-inserted\" data-end=\"116\" data-originaltext=\"sur les riviere frequent\u00e9s\" data-start=\"91\" data-text=\"sur les rivi\u00e8res fr\u00e9quent\u00e9es\"><span class=\"corrected-phrase__displayed-text corrected-phrase__displayed-text_bubbled\" data-group=\"AutoCorrected\" data-suggestions=\"1\" data-type=\"Grammar\">sur les rivi\u00e8res fr\u00e9quent\u00e9es<\/span><\/span><\/p>\n","protected":false},"featured_media":2509,"comment_status":"closed","ping_status":"closed","template":"","meta":{"_monsterinsights_skip_tracking":false,"_monsterinsights_sitenote_active":false,"_monsterinsights_sitenote_note":"","_monsterinsights_sitenote_category":0,"site-sidebar-layout":"default","site-content-layout":"content-boxed-container","ast-global-header-display":"","ast-banner-title-visibility":"","ast-main-header-display":"","ast-hfb-above-header-display":"","ast-hfb-below-header-display":"","ast-hfb-mobile-header-display":"","site-post-title":"","ast-breadcrumbs-content":"","ast-featured-img":"","footer-sml-layout":"","theme-transparent-header-meta":"default","adv-header-id-meta":"","stick-header-meta":"","header-above-stick-meta":"","header-main-stick-meta":"","header-below-stick-meta":""},"product_cat":[44],"product_tag":[],"aioseo_notices":[],"_links":{"self":[{"href":"https:\/\/latelier-mouche.fr\/index.php?rest_route=\/wp\/v2\/product\/2502"}],"collection":[{"href":"https:\/\/latelier-mouche.fr\/index.php?rest_route=\/wp\/v2\/product"}],"about":[{"href":"https:\/\/latelier-mouche.fr\/index.php?rest_route=\/wp\/v2\/types\/product"}],"replies":[{"embeddable":true,"href":"https:\/\/latelier-mouche.fr\/index.php?rest_route=%2Fwp%2Fv2%2Fcomments&post=2502"}],"version-history":[{"count":1,"href":"https:\/\/latelier-mouche.fr\/index.php?rest_route=\/wp\/v2\/product\/2502\/revisions"}],"predecessor-version":[{"id":2510,"href":"https:\/\/latelier-mouche.fr\/index.php?rest_route=\/wp\/v2\/product\/2502\/revisions\/2510"}],"wp:featuredmedia":[{"embeddable":true,"href":"https:\/\/latelier-mouche.fr\/index.php?rest_route=\/wp\/v2\/media\/2509"}],"wp:attachment":[{"href":"https:\/\/latelier-mouche.fr\/index.php?rest_route=%2Fwp%2Fv2%2Fmedia&parent=2502"}],"wp:term":[{"taxonomy":"product_cat","embeddable":true,"href":"https:\/\/latelier-mouche.fr\/index.php?rest_route=%2Fwp%2Fv2%2Fproduct_cat&post=2502"},{"taxonomy":"product_tag","embeddable":true,"href":"https:\/\/latelier-mouche.fr\/index.php?rest_route=%2Fwp%2Fv2%2Fproduct_tag&post=2502"}],"curies":[{"name":"wp","href":"https:\/\/api.w.org\/{rel}","templated":true}]}}