{"id":2222,"date":"2023-11-23T13:09:45","date_gmt":"2023-11-23T12:09:45","guid":{"rendered":"https:\/\/latelier-mouche.fr\/?post_type=product&#038;p=2222"},"modified":"2024-02-10T17:18:13","modified_gmt":"2024-02-10T16:18:13","slug":"boite-nymphe","status":"publish","type":"product","link":"https:\/\/latelier-mouche.fr\/?product=boite-nymphe","title":{"rendered":"boite nymphe"},"content":{"rendered":"<p>Le panach\u00e9 se compose de 49 nymphes id\u00e9ales pour les d\u00e9butants  comme aux confirm\u00e9s<\/p>\n","protected":false},"excerpt":{"rendered":"<p>La bo\u00eete \u00e0 nymphe pr\u00eate \u00e0 p\u00eacher fournie avec 49 nymphes. ( possibilit\u00e9 de changer la composition )<\/p>\n<p>Condor chocolat H18 : x7<br \/>\nORL H16 bille 2.4mm x7<br \/>\nRED quill H18 bille 2.4mm x7<br \/>\ntricho H16 x7<br \/>\nPheasant tail gold H18 x7<br \/>\nquill naturelle H16 x7<br \/>\nfull black H16 bille 2.5mm X7<\/p>\n","protected":false},"featured_media":2223,"comment_status":"closed","ping_status":"closed","template":"","meta":{"_monsterinsights_skip_tracking":false,"_monsterinsights_sitenote_active":false,"_monsterinsights_sitenote_note":"","_monsterinsights_sitenote_category":0,"site-sidebar-layout":"default","site-content-layout":"content-boxed-container","ast-global-header-display":"","ast-banner-title-visibility":"","ast-main-header-display":"","ast-hfb-above-header-display":"","ast-hfb-below-header-display":"","ast-hfb-mobile-header-display":"","site-post-title":"","ast-breadcrumbs-content":"","ast-featured-img":"","footer-sml-layout":"","theme-transparent-header-meta":"default","adv-header-id-meta":"","stick-header-meta":"","header-above-stick-meta":"","header-main-stick-meta":"","header-below-stick-meta":""},"product_cat":[47],"product_tag":[],"aioseo_notices":[],"_links":{"self":[{"href":"https:\/\/latelier-mouche.fr\/index.php?rest_route=\/wp\/v2\/product\/2222"}],"collection":[{"href":"https:\/\/latelier-mouche.fr\/index.php?rest_route=\/wp\/v2\/product"}],"about":[{"href":"https:\/\/latelier-mouche.fr\/index.php?rest_route=\/wp\/v2\/types\/product"}],"replies":[{"embeddable":true,"href":"https:\/\/latelier-mouche.fr\/index.php?rest_route=%2Fwp%2Fv2%2Fcomments&post=2222"}],"version-history":[{"count":5,"href":"https:\/\/latelier-mouche.fr\/index.php?rest_route=\/wp\/v2\/product\/2222\/revisions"}],"predecessor-version":[{"id":2421,"href":"https:\/\/latelier-mouche.fr\/index.php?rest_route=\/wp\/v2\/product\/2222\/revisions\/2421"}],"wp:featuredmedia":[{"embeddable":true,"href":"https:\/\/latelier-mouche.fr\/index.php?rest_route=\/wp\/v2\/media\/2223"}],"wp:attachment":[{"href":"https:\/\/latelier-mouche.fr\/index.php?rest_route=%2Fwp%2Fv2%2Fmedia&parent=2222"}],"wp:term":[{"taxonomy":"product_cat","embeddable":true,"href":"https:\/\/latelier-mouche.fr\/index.php?rest_route=%2Fwp%2Fv2%2Fproduct_cat&post=2222"},{"taxonomy":"product_tag","embeddable":true,"href":"https:\/\/latelier-mouche.fr\/index.php?rest_route=%2Fwp%2Fv2%2Fproduct_tag&post=2222"}],"curies":[{"name":"wp","href":"https:\/\/api.w.org\/{rel}","templated":true}]}}