{"id":2075,"date":"2023-10-20T07:07:35","date_gmt":"2023-10-20T05:07:35","guid":{"rendered":"https:\/\/latelier-mouche.fr\/?post_type=product&#038;p=2075"},"modified":"2024-05-24T00:05:41","modified_gmt":"2024-05-23T22:05:41","slug":"la-condor","status":"publish","type":"product","link":"https:\/\/latelier-mouche.fr\/?product=la-condor","title":{"rendered":"chocolat"},"content":{"rendered":"","protected":false},"excerpt":{"rendered":"<p>la condor<\/p>\n<p><span class=\"corrected-phrase corrected-phrase_synonyms-mode ng-star-inserted\" data-end=\"2\" data-originaltext=\"une\" data-start=\"0\" data-text=\"\"><span class=\"corrected-phrase__displayed-text corrected-phrase__displayed-text_no-correction corrected-phrase__displayed-text_synonyms-mode ng-star-inserted\">une<\/span><\/span> <span class=\"corrected-phrase corrected-phrase_synonyms-mode ng-star-inserted\" data-end=\"9\" data-originaltext=\"petite\" data-start=\"4\" data-text=\"\"><span class=\"corrected-phrase__displayed-text corrected-phrase__displayed-text_no-correction corrected-phrase__displayed-text_synonyms-mode ng-star-inserted\">petite<\/span><\/span> <span class=\"corrected-phrase corrected-phrase_synonyms-mode ng-star-inserted\" data-end=\"16\" data-originaltext=\"nymphe\" data-start=\"11\" data-text=\"\"><span class=\"corrected-phrase__displayed-text corrected-phrase__displayed-text_no-correction corrected-phrase__displayed-text_synonyms-mode ng-star-inserted\">nymphe<\/span><\/span> <span class=\"corrected-phrase ng-star-inserted\" data-end=\"26\" data-originaltext=\"substitut\" data-start=\"18\" data-text=\"substitue\"><span class=\"corrected-phrase__displayed-text corrected-phrase__displayed-text_bubbled\" data-group=\"AutoCorrected\" data-suggestions=\"1\" data-type=\"Grammar\">substitue<\/span><\/span> <span class=\"corrected-phrase corrected-phrase_synonyms-mode ng-star-inserted\" data-end=\"33\" data-originaltext=\"condor\" data-start=\"28\" data-text=\"\"><span class=\"corrected-phrase__displayed-text corrected-phrase__displayed-text_no-correction corrected-phrase__displayed-text_synonyms-mode ng-star-inserted\">condor<\/span><\/span> <span class=\"corrected-phrase corrected-phrase_synonyms-mode ng-star-inserted\" data-end=\"40\" data-originaltext=\"marron\" data-start=\"35\" data-text=\"\"><span class=\"corrected-phrase__displayed-text corrected-phrase__displayed-text_no-correction corrected-phrase__displayed-text_synonyms-mode ng-star-inserted\">marron<\/span><\/span><span class=\"corrected-phrase ng-star-inserted\" data-end=\"41\" data-originaltext=\",\" data-start=\"41\" data-text=\"\"><span class=\"corrected-phrase__displayed-text corrected-phrase__displayed-text_no-correction ng-star-inserted\">,<\/span><\/span> <span class=\"corrected-phrase corrected-phrase_synonyms-mode ng-star-inserted\" data-end=\"46\" data-originaltext=\"t\u00eate\" data-start=\"43\" data-text=\"\"><span class=\"corrected-phrase__displayed-text corrected-phrase__displayed-text_no-correction corrected-phrase__displayed-text_synonyms-mode ng-star-inserted\">t\u00eate<\/span><\/span> <span class=\"corrected-phrase corrected-phrase_synonyms-mode ng-star-inserted\" data-end=\"53\" data-originaltext=\"marron\" data-start=\"48\" data-text=\"\"><span class=\"corrected-phrase__displayed-text corrected-phrase__displayed-text_no-correction corrected-phrase__displayed-text_synonyms-mode ng-star-inserted\">marron<\/span><\/span> <span class=\"corrected-phrase corrected-phrase_synonyms-mode ng-star-inserted\" data-end=\"57\" data-originaltext=\"qui\" data-start=\"55\" data-text=\"\"><span class=\"corrected-phrase__displayed-text corrected-phrase__displayed-text_no-correction corrected-phrase__displayed-text_synonyms-mode ng-star-inserted\">qui<\/span><\/span> <span class=\"corrected-phrase ng-star-inserted\" data-end=\"60\" data-originaltext=\"et\" data-start=\"59\" data-text=\"est\"><span class=\"corrected-phrase__displayed-text corrected-phrase__displayed-text_bubbled\" data-group=\"AutoCorrected\" data-suggestions=\"1\" data-type=\"Grammar\">est<\/span><\/span> <span class=\"corrected-phrase ng-star-inserted\" data-end=\"66\" data-originaltext=\"id\u00e9al\" data-start=\"62\" data-text=\"id\u00e9ale\"><span class=\"corrected-phrase__displayed-text corrected-phrase__displayed-text_bubbled\" data-group=\"AutoCorrected\" data-suggestions=\"1\" data-type=\"Grammar\">id\u00e9ale<\/span><\/span> <span class=\"corrected-phrase ng-star-inserted\" data-end=\"89\" data-originaltext=\"pour les poison \u00e9duqu\u00e9\" data-start=\"68\" data-text=\"pour les poisons \u00e9duqu\u00e9s\"><span class=\"corrected-phrase__displayed-text corrected-phrase__displayed-text_bubbled\" data-group=\"AutoCorrected\" data-suggestions=\"1\" data-type=\"Grammar\">pour les poisons \u00e9duqu\u00e9s<\/span><\/span> <span class=\"corrected-phrase ng-star-inserted\" data-end=\"116\" data-originaltext=\"sur les riviere frequent\u00e9s\" data-start=\"91\" data-text=\"sur les rivi\u00e8res fr\u00e9quent\u00e9es\"><span class=\"corrected-phrase__displayed-text corrected-phrase__displayed-text_bubbled\" data-group=\"AutoCorrected\" data-suggestions=\"1\" data-type=\"Grammar\">sur les rivi\u00e8res fr\u00e9quent\u00e9es.<\/span><\/span><\/p>\n","protected":false},"featured_media":2081,"comment_status":"closed","ping_status":"closed","template":"","meta":{"_monsterinsights_skip_tracking":false,"_monsterinsights_sitenote_active":false,"_monsterinsights_sitenote_note":"","_monsterinsights_sitenote_category":0,"site-sidebar-layout":"default","site-content-layout":"content-boxed-container","ast-global-header-display":"","ast-banner-title-visibility":"","ast-main-header-display":"","ast-hfb-above-header-display":"","ast-hfb-below-header-display":"","ast-hfb-mobile-header-display":"","site-post-title":"","ast-breadcrumbs-content":"","ast-featured-img":"","footer-sml-layout":"","theme-transparent-header-meta":"default","adv-header-id-meta":"","stick-header-meta":"","header-above-stick-meta":"","header-main-stick-meta":"","header-below-stick-meta":""},"product_cat":[44],"product_tag":[],"aioseo_notices":[],"_links":{"self":[{"href":"https:\/\/latelier-mouche.fr\/index.php?rest_route=\/wp\/v2\/product\/2075"}],"collection":[{"href":"https:\/\/latelier-mouche.fr\/index.php?rest_route=\/wp\/v2\/product"}],"about":[{"href":"https:\/\/latelier-mouche.fr\/index.php?rest_route=\/wp\/v2\/types\/product"}],"replies":[{"embeddable":true,"href":"https:\/\/latelier-mouche.fr\/index.php?rest_route=%2Fwp%2Fv2%2Fcomments&post=2075"}],"version-history":[{"count":2,"href":"https:\/\/latelier-mouche.fr\/index.php?rest_route=\/wp\/v2\/product\/2075\/revisions"}],"predecessor-version":[{"id":2309,"href":"https:\/\/latelier-mouche.fr\/index.php?rest_route=\/wp\/v2\/product\/2075\/revisions\/2309"}],"wp:featuredmedia":[{"embeddable":true,"href":"https:\/\/latelier-mouche.fr\/index.php?rest_route=\/wp\/v2\/media\/2081"}],"wp:attachment":[{"href":"https:\/\/latelier-mouche.fr\/index.php?rest_route=%2Fwp%2Fv2%2Fmedia&parent=2075"}],"wp:term":[{"taxonomy":"product_cat","embeddable":true,"href":"https:\/\/latelier-mouche.fr\/index.php?rest_route=%2Fwp%2Fv2%2Fproduct_cat&post=2075"},{"taxonomy":"product_tag","embeddable":true,"href":"https:\/\/latelier-mouche.fr\/index.php?rest_route=%2Fwp%2Fv2%2Fproduct_tag&post=2075"}],"curies":[{"name":"wp","href":"https:\/\/api.w.org\/{rel}","templated":true}]}}