{"id":1954,"date":"2023-10-03T00:17:12","date_gmt":"2023-10-02T22:17:12","guid":{"rendered":"https:\/\/latelier-mouche.fr\/?post_type=product&#038;p=1954"},"modified":"2024-05-24T00:21:45","modified_gmt":"2024-05-23T22:21:45","slug":"nymphe-de-tricho-vinyl","status":"publish","type":"product","link":"https:\/\/latelier-mouche.fr\/?product=nymphe-de-tricho-vinyl","title":{"rendered":"nymphe de tricho (vinyl)"},"content":{"rendered":"","protected":false},"excerpt":{"rendered":"<p>Voici une nymphe de ba\u00e9tis rhodani pas tout \u00e0 fait classique, mais qui je le pense, pourrait s\u2019av\u00e9rer sympa au bon moment et au bon endroit\u2026<\/p>\n<p>Les mat\u00e9riaux synth\u00e9tiques se pr\u00eatent bien \u00e0 ce type de montage. Le corps en vinyl rib bi-colore offre une brillance et une transparence assez r\u00e9aliste.<\/p>\n","protected":false},"featured_media":1960,"comment_status":"closed","ping_status":"closed","template":"","meta":{"_monsterinsights_skip_tracking":false,"_monsterinsights_sitenote_active":false,"_monsterinsights_sitenote_note":"","_monsterinsights_sitenote_category":0,"site-sidebar-layout":"default","site-content-layout":"content-boxed-container","ast-global-header-display":"","ast-banner-title-visibility":"","ast-main-header-display":"","ast-hfb-above-header-display":"","ast-hfb-below-header-display":"","ast-hfb-mobile-header-display":"","site-post-title":"","ast-breadcrumbs-content":"","ast-featured-img":"","footer-sml-layout":"","theme-transparent-header-meta":"default","adv-header-id-meta":"","stick-header-meta":"","header-above-stick-meta":"","header-main-stick-meta":"","header-below-stick-meta":""},"product_cat":[44],"product_tag":[],"aioseo_notices":[],"_links":{"self":[{"href":"https:\/\/latelier-mouche.fr\/index.php?rest_route=\/wp\/v2\/product\/1954"}],"collection":[{"href":"https:\/\/latelier-mouche.fr\/index.php?rest_route=\/wp\/v2\/product"}],"about":[{"href":"https:\/\/latelier-mouche.fr\/index.php?rest_route=\/wp\/v2\/types\/product"}],"replies":[{"embeddable":true,"href":"https:\/\/latelier-mouche.fr\/index.php?rest_route=%2Fwp%2Fv2%2Fcomments&post=1954"}],"version-history":[{"count":1,"href":"https:\/\/latelier-mouche.fr\/index.php?rest_route=\/wp\/v2\/product\/1954\/revisions"}],"predecessor-version":[{"id":1961,"href":"https:\/\/latelier-mouche.fr\/index.php?rest_route=\/wp\/v2\/product\/1954\/revisions\/1961"}],"wp:featuredmedia":[{"embeddable":true,"href":"https:\/\/latelier-mouche.fr\/index.php?rest_route=\/wp\/v2\/media\/1960"}],"wp:attachment":[{"href":"https:\/\/latelier-mouche.fr\/index.php?rest_route=%2Fwp%2Fv2%2Fmedia&parent=1954"}],"wp:term":[{"taxonomy":"product_cat","embeddable":true,"href":"https:\/\/latelier-mouche.fr\/index.php?rest_route=%2Fwp%2Fv2%2Fproduct_cat&post=1954"},{"taxonomy":"product_tag","embeddable":true,"href":"https:\/\/latelier-mouche.fr\/index.php?rest_route=%2Fwp%2Fv2%2Fproduct_tag&post=1954"}],"curies":[{"name":"wp","href":"https:\/\/api.w.org\/{rel}","templated":true}]}}