{"id":1946,"date":"2023-10-03T00:01:32","date_gmt":"2023-10-02T22:01:32","guid":{"rendered":"https:\/\/latelier-mouche.fr\/?post_type=product&#038;p=1946"},"modified":"2024-05-23T23:49:56","modified_gmt":"2024-05-23T21:49:56","slug":"le-tabanas","status":"publish","type":"product","link":"https:\/\/latelier-mouche.fr\/?product=le-tabanas","title":{"rendered":"le tabanas"},"content":{"rendered":"","protected":false},"excerpt":{"rendered":"<p>le tabanas une fantastique imitation pour p\u00eacher les courants Ses qualit\u00e9s flottantes sont exceptionnelles. Quant \u00e0 sa visibilit\u00e9 on l&rsquo;a rep\u00e8re \u00e0 des kilom\u00e8tres, Elle imite \u00e0 la fois les insectes terrestres et les phryganes \u2026 elle est \u00e9galement utilis\u00e9e pour servir d&rsquo;indicateur pour la NAF<\/p>\n","protected":false},"featured_media":1952,"comment_status":"closed","ping_status":"closed","template":"","meta":{"_monsterinsights_skip_tracking":false,"_monsterinsights_sitenote_active":false,"_monsterinsights_sitenote_note":"","_monsterinsights_sitenote_category":0,"site-sidebar-layout":"default","site-content-layout":"content-boxed-container","ast-global-header-display":"","ast-banner-title-visibility":"","ast-main-header-display":"","ast-hfb-above-header-display":"","ast-hfb-below-header-display":"","ast-hfb-mobile-header-display":"","site-post-title":"","ast-breadcrumbs-content":"","ast-featured-img":"","footer-sml-layout":"","theme-transparent-header-meta":"default","adv-header-id-meta":"","stick-header-meta":"","header-above-stick-meta":"","header-main-stick-meta":"","header-below-stick-meta":""},"product_cat":[39],"product_tag":[],"aioseo_notices":[],"_links":{"self":[{"href":"https:\/\/latelier-mouche.fr\/index.php?rest_route=\/wp\/v2\/product\/1946"}],"collection":[{"href":"https:\/\/latelier-mouche.fr\/index.php?rest_route=\/wp\/v2\/product"}],"about":[{"href":"https:\/\/latelier-mouche.fr\/index.php?rest_route=\/wp\/v2\/types\/product"}],"replies":[{"embeddable":true,"href":"https:\/\/latelier-mouche.fr\/index.php?rest_route=%2Fwp%2Fv2%2Fcomments&post=1946"}],"version-history":[{"count":1,"href":"https:\/\/latelier-mouche.fr\/index.php?rest_route=\/wp\/v2\/product\/1946\/revisions"}],"predecessor-version":[{"id":1953,"href":"https:\/\/latelier-mouche.fr\/index.php?rest_route=\/wp\/v2\/product\/1946\/revisions\/1953"}],"wp:featuredmedia":[{"embeddable":true,"href":"https:\/\/latelier-mouche.fr\/index.php?rest_route=\/wp\/v2\/media\/1952"}],"wp:attachment":[{"href":"https:\/\/latelier-mouche.fr\/index.php?rest_route=%2Fwp%2Fv2%2Fmedia&parent=1946"}],"wp:term":[{"taxonomy":"product_cat","embeddable":true,"href":"https:\/\/latelier-mouche.fr\/index.php?rest_route=%2Fwp%2Fv2%2Fproduct_cat&post=1946"},{"taxonomy":"product_tag","embeddable":true,"href":"https:\/\/latelier-mouche.fr\/index.php?rest_route=%2Fwp%2Fv2%2Fproduct_tag&post=1946"}],"curies":[{"name":"wp","href":"https:\/\/api.w.org\/{rel}","templated":true}]}}