{"id":1880,"date":"2023-09-28T10:47:44","date_gmt":"2023-09-28T08:47:44","guid":{"rendered":"https:\/\/latelier-mouche.fr\/?post_type=product&#038;p=1880"},"modified":"2024-05-24T00:30:24","modified_gmt":"2024-05-23T22:30:24","slug":"emergente-cdc","status":"publish","type":"product","link":"https:\/\/latelier-mouche.fr\/?product=emergente-cdc","title":{"rendered":"\u00e9mergente CDC"},"content":{"rendered":"","protected":false},"excerpt":{"rendered":"<p>cette mouche est un v\u00e9ritable aimant \u00e0 truite , et a ombres<br \/>\nune flottaison tr\u00e8s basse, corps sous la surface. Elle imite \u00e0 merveille le stade de l&rsquo;\u00e9mergence de nombreux \u00e9ph\u00e9m\u00e8res<br \/>\nles utiliser sur parties lentes et moyennes en rivi\u00e8re<\/p>\n","protected":false},"featured_media":1886,"comment_status":"closed","ping_status":"closed","template":"","meta":{"_monsterinsights_skip_tracking":false,"_monsterinsights_sitenote_active":false,"_monsterinsights_sitenote_note":"","_monsterinsights_sitenote_category":0,"site-sidebar-layout":"default","site-content-layout":"content-boxed-container","ast-global-header-display":"","ast-banner-title-visibility":"","ast-main-header-display":"","ast-hfb-above-header-display":"","ast-hfb-below-header-display":"","ast-hfb-mobile-header-display":"","site-post-title":"","ast-breadcrumbs-content":"","ast-featured-img":"","footer-sml-layout":"","theme-transparent-header-meta":"default","adv-header-id-meta":"","stick-header-meta":"","header-above-stick-meta":"","header-main-stick-meta":"","header-below-stick-meta":""},"product_cat":[39],"product_tag":[],"aioseo_notices":[],"_links":{"self":[{"href":"https:\/\/latelier-mouche.fr\/index.php?rest_route=\/wp\/v2\/product\/1880"}],"collection":[{"href":"https:\/\/latelier-mouche.fr\/index.php?rest_route=\/wp\/v2\/product"}],"about":[{"href":"https:\/\/latelier-mouche.fr\/index.php?rest_route=\/wp\/v2\/types\/product"}],"replies":[{"embeddable":true,"href":"https:\/\/latelier-mouche.fr\/index.php?rest_route=%2Fwp%2Fv2%2Fcomments&post=1880"}],"version-history":[{"count":1,"href":"https:\/\/latelier-mouche.fr\/index.php?rest_route=\/wp\/v2\/product\/1880\/revisions"}],"predecessor-version":[{"id":1887,"href":"https:\/\/latelier-mouche.fr\/index.php?rest_route=\/wp\/v2\/product\/1880\/revisions\/1887"}],"wp:featuredmedia":[{"embeddable":true,"href":"https:\/\/latelier-mouche.fr\/index.php?rest_route=\/wp\/v2\/media\/1886"}],"wp:attachment":[{"href":"https:\/\/latelier-mouche.fr\/index.php?rest_route=%2Fwp%2Fv2%2Fmedia&parent=1880"}],"wp:term":[{"taxonomy":"product_cat","embeddable":true,"href":"https:\/\/latelier-mouche.fr\/index.php?rest_route=%2Fwp%2Fv2%2Fproduct_cat&post=1880"},{"taxonomy":"product_tag","embeddable":true,"href":"https:\/\/latelier-mouche.fr\/index.php?rest_route=%2Fwp%2Fv2%2Fproduct_tag&post=1880"}],"curies":[{"name":"wp","href":"https:\/\/api.w.org\/{rel}","templated":true}]}}