{"id":1802,"date":"2023-09-28T09:14:48","date_gmt":"2023-09-28T07:14:48","guid":{"rendered":"https:\/\/latelier-mouche.fr\/?post_type=product&#038;p=1802"},"modified":"2023-11-23T14:54:40","modified_gmt":"2023-11-23T13:54:40","slug":"la-peute","status":"publish","type":"product","link":"https:\/\/latelier-mouche.fr\/?product=la-peute","title":{"rendered":"La peute"},"content":{"rendered":"","protected":false},"excerpt":{"rendered":"<p>c&rsquo;est une mouche mythique o\u00f9 sa r\u00e9putation n&rsquo;ait plus \u00e0 faire, elle p\u00eache aussi bien sur l&rsquo;eau que sous la pellicule d&rsquo;eau, une mouche qui peut \u00eatre utilis\u00e9 toute l&rsquo;ann\u00e9e.<br \/>\nelle imite un grand nombre d&rsquo;insecte au stade \u00e9mergeant.<\/p>\n","protected":false},"featured_media":1808,"comment_status":"closed","ping_status":"closed","template":"","meta":{"_monsterinsights_skip_tracking":false,"_monsterinsights_sitenote_active":false,"_monsterinsights_sitenote_note":"","_monsterinsights_sitenote_category":0,"site-sidebar-layout":"default","site-content-layout":"content-boxed-container","ast-global-header-display":"","ast-banner-title-visibility":"","ast-main-header-display":"","ast-hfb-above-header-display":"","ast-hfb-below-header-display":"","ast-hfb-mobile-header-display":"","site-post-title":"","ast-breadcrumbs-content":"","ast-featured-img":"","footer-sml-layout":"","theme-transparent-header-meta":"default","adv-header-id-meta":"","stick-header-meta":"","header-above-stick-meta":"","header-main-stick-meta":"","header-below-stick-meta":""},"product_cat":[39],"product_tag":[],"aioseo_notices":[],"_links":{"self":[{"href":"https:\/\/latelier-mouche.fr\/index.php?rest_route=\/wp\/v2\/product\/1802"}],"collection":[{"href":"https:\/\/latelier-mouche.fr\/index.php?rest_route=\/wp\/v2\/product"}],"about":[{"href":"https:\/\/latelier-mouche.fr\/index.php?rest_route=\/wp\/v2\/types\/product"}],"replies":[{"embeddable":true,"href":"https:\/\/latelier-mouche.fr\/index.php?rest_route=%2Fwp%2Fv2%2Fcomments&post=1802"}],"version-history":[{"count":1,"href":"https:\/\/latelier-mouche.fr\/index.php?rest_route=\/wp\/v2\/product\/1802\/revisions"}],"predecessor-version":[{"id":1809,"href":"https:\/\/latelier-mouche.fr\/index.php?rest_route=\/wp\/v2\/product\/1802\/revisions\/1809"}],"wp:featuredmedia":[{"embeddable":true,"href":"https:\/\/latelier-mouche.fr\/index.php?rest_route=\/wp\/v2\/media\/1808"}],"wp:attachment":[{"href":"https:\/\/latelier-mouche.fr\/index.php?rest_route=%2Fwp%2Fv2%2Fmedia&parent=1802"}],"wp:term":[{"taxonomy":"product_cat","embeddable":true,"href":"https:\/\/latelier-mouche.fr\/index.php?rest_route=%2Fwp%2Fv2%2Fproduct_cat&post=1802"},{"taxonomy":"product_tag","embeddable":true,"href":"https:\/\/latelier-mouche.fr\/index.php?rest_route=%2Fwp%2Fv2%2Fproduct_tag&post=1802"}],"curies":[{"name":"wp","href":"https:\/\/api.w.org\/{rel}","templated":true}]}}