{"id":1721,"date":"2023-09-26T19:25:58","date_gmt":"2023-09-26T17:25:58","guid":{"rendered":"https:\/\/latelier-mouche.fr\/?post_type=product&#038;p=1721"},"modified":"2024-05-24T10:06:04","modified_gmt":"2024-05-24T08:06:04","slug":"dragonfly-deluxe-2","status":"publish","type":"product","link":"https:\/\/latelier-mouche.fr\/?product=dragonfly-deluxe-2","title":{"rendered":"Oreille de li\u00e8vre"},"content":{"rendered":"<p>D\u00e9couvrez L&rsquo;incontournable oreille-de-li\u00e8vre<\/p>\n","protected":false},"excerpt":{"rendered":"<p>une mouche efficace la star de nos cours d&rsquo;eau elle m\u2019a permis de prendre de tr\u00e8s beau poisson lorsque les poissons son difficile, et au coup du soir c&rsquo;est une mouche qui marche tr\u00e8s bien et que tout p\u00eacheur \u00e0 la mouche doit poss\u00e9der dans sa bo\u00eete<\/p>\n","protected":false},"featured_media":2360,"comment_status":"closed","ping_status":"closed","template":"","meta":{"_monsterinsights_skip_tracking":false,"_monsterinsights_sitenote_active":false,"_monsterinsights_sitenote_note":"","_monsterinsights_sitenote_category":0,"site-sidebar-layout":"default","site-content-layout":"content-boxed-container","ast-global-header-display":"","ast-banner-title-visibility":"","ast-main-header-display":"","ast-hfb-above-header-display":"","ast-hfb-below-header-display":"","ast-hfb-mobile-header-display":"","site-post-title":"","ast-breadcrumbs-content":"","ast-featured-img":"","footer-sml-layout":"","theme-transparent-header-meta":"default","adv-header-id-meta":"","stick-header-meta":"","header-above-stick-meta":"","header-main-stick-meta":"","header-below-stick-meta":""},"product_cat":[39],"product_tag":[],"aioseo_notices":[],"_links":{"self":[{"href":"https:\/\/latelier-mouche.fr\/index.php?rest_route=\/wp\/v2\/product\/1721"}],"collection":[{"href":"https:\/\/latelier-mouche.fr\/index.php?rest_route=\/wp\/v2\/product"}],"about":[{"href":"https:\/\/latelier-mouche.fr\/index.php?rest_route=\/wp\/v2\/types\/product"}],"replies":[{"embeddable":true,"href":"https:\/\/latelier-mouche.fr\/index.php?rest_route=%2Fwp%2Fv2%2Fcomments&post=1721"}],"version-history":[{"count":4,"href":"https:\/\/latelier-mouche.fr\/index.php?rest_route=\/wp\/v2\/product\/1721\/revisions"}],"predecessor-version":[{"id":1749,"href":"https:\/\/latelier-mouche.fr\/index.php?rest_route=\/wp\/v2\/product\/1721\/revisions\/1749"}],"wp:featuredmedia":[{"embeddable":true,"href":"https:\/\/latelier-mouche.fr\/index.php?rest_route=\/wp\/v2\/media\/2360"}],"wp:attachment":[{"href":"https:\/\/latelier-mouche.fr\/index.php?rest_route=%2Fwp%2Fv2%2Fmedia&parent=1721"}],"wp:term":[{"taxonomy":"product_cat","embeddable":true,"href":"https:\/\/latelier-mouche.fr\/index.php?rest_route=%2Fwp%2Fv2%2Fproduct_cat&post=1721"},{"taxonomy":"product_tag","embeddable":true,"href":"https:\/\/latelier-mouche.fr\/index.php?rest_route=%2Fwp%2Fv2%2Fproduct_tag&post=1721"}],"curies":[{"name":"wp","href":"https:\/\/api.w.org\/{rel}","templated":true}]}}